{"id":56,"date":"2025-01-27T17:13:23","date_gmt":"2025-01-27T16:13:23","guid":{"rendered":"http:\/\/africadsl.net\/?page_id=56"},"modified":"2025-01-28T16:57:00","modified_gmt":"2025-01-28T15:57:00","slug":"internet","status":"publish","type":"page","link":"http:\/\/africadsl.net\/index.php\/internet\/","title":{"rendered":"Internet"},"content":{"rendered":"\t\t<div data-elementor-type=\"wp-page\" data-elementor-id=\"56\" class=\"elementor elementor-56\" data-elementor-post-type=\"page\">\n\t\t\t\t<div class=\"elementor-element elementor-element-1507648 e-flex e-con-boxed e-con e-parent\" data-id=\"1507648\" data-element_type=\"container\">\n\t\t\t\t\t<div class=\"e-con-inner\">\n\t\t\t\t<div class=\"elementor-element elementor-element-20110b6 elementor-widget elementor-widget-iheading\" data-id=\"20110b6\" data-element_type=\"widget\" data-widget_type=\"iheading.default\">\n\t\t\t\t<div class=\"elementor-widget-container\">\n\t\t\t\t\t\t\t<div class=\"ot-heading\">\r\n\t        \t            <span>\/\/ INTERNET A HAUT PARTOUT EN AFRIQUE <\/span>\r\n\t        <h2 class=\"main-heading\">AfricaDSL<\/h2>\t    <\/div>\r\n\t    \t\t\t\t<\/div>\n\t\t\t\t<\/div>\n\t\t\t\t<div class=\"elementor-element elementor-element-8e557ff elementor-widget elementor-widget-text-editor\" data-id=\"8e557ff\" data-element_type=\"widget\" data-widget_type=\"text-editor.default\">\n\t\t\t\t<div class=\"elementor-widget-container\">\n\t\t\t\t\t\t\t\t\t<p><strong>S&rsquo;engage \u00e0 fournir un acc\u00e8s Internet haut d\u00e9bit fiable et abordable \u00e0 travers toute l&rsquo;Afrique. En exploitant des technologies avanc\u00e9es telles que la fibre optique, les r\u00e9seaux satellites et les infrastructures 5G, nous favorisons la connectivit\u00e9 dans les zones urbaines et rurales. Notre mission est de r\u00e9duire la fracture num\u00e9rique et d&rsquo;acc\u00e9l\u00e9rer le d\u00e9veloppement \u00e9conomique, \u00e9ducatif et technologique sur tout le continent.<\/strong><\/p>\t\t\t\t\t\t\t\t<\/div>\n\t\t\t\t<\/div>\n\t\t\t\t\t<\/div>\n\t\t\t\t<\/div>\n\t\t<div class=\"elementor-element elementor-element-e0966bd e-flex e-con-boxed e-con e-parent\" data-id=\"e0966bd\" data-element_type=\"container\">\n\t\t\t\t\t<div class=\"e-con-inner\">\n\t\t<div class=\"elementor-element elementor-element-50ac4d1 e-grid e-con-full e-con e-child\" data-id=\"50ac4d1\" data-element_type=\"container\">\n\t\t<div class=\"elementor-element elementor-element-80e2544 e-con-full e-flex e-con e-child\" data-id=\"80e2544\" data-element_type=\"container\">\n\t\t\t\t<div class=\"elementor-element elementor-element-ea8e531 elementor-widget elementor-widget-iheading\" data-id=\"ea8e531\" data-element_type=\"widget\" data-widget_type=\"iheading.default\">\n\t\t\t\t<div class=\"elementor-widget-container\">\n\t\t\t\t\t\t\t<div class=\"ot-heading\">\r\n\t        \t            <span>\/\/ Par Fibre Optique<\/span>\r\n\t        \t    <\/div>\r\n\t    \t\t\t\t<\/div>\n\t\t\t\t<\/div>\n\t\t\t\t<div class=\"elementor-element elementor-element-c366474 elementor-widget elementor-widget-text-editor\" data-id=\"c366474\" data-element_type=\"widget\" data-widget_type=\"text-editor.default\">\n\t\t\t\t<div class=\"elementor-widget-container\">\n\t\t\t\t\t\t\t\t\t<p>AfricaDSL propose des solutions de connectivit\u00e9 Internet par fibre optique pour garantir un haut d\u00e9bit stable et performant partout en Afrique. En d\u00e9ployant un r\u00e9seau robuste et extensible, nous permettons une couverture \u00e9tendue, m\u00eame dans les zones les plus recul\u00e9es. Notre approche vise \u00e0 soutenir la transformation num\u00e9rique, \u00e0 stimuler l&rsquo;\u00e9conomie locale et \u00e0 offrir une exp\u00e9rience Internet de qualit\u00e9 sup\u00e9rieure pour les entreprises et les particuliers.<\/p>\t\t\t\t\t\t\t\t<\/div>\n\t\t\t\t<\/div>\n\t\t\t\t<\/div>\n\t\t<div class=\"elementor-element elementor-element-66d9788 e-con-full e-flex e-con e-child\" data-id=\"66d9788\" data-element_type=\"container\">\n\t\t\t\t<div class=\"elementor-element elementor-element-babb32c elementor-widget elementor-widget-image\" data-id=\"babb32c\" data-element_type=\"widget\" data-widget_type=\"image.default\">\n\t\t\t\t<div class=\"elementor-widget-container\">\n\t\t\t\t\t\t\t\t\t\t\t\t\t\t\t<img fetchpriority=\"high\" decoding=\"async\" width=\"1024\" height=\"731\" src=\"http:\/\/africadsl.net\/wp-content\/uploads\/2024\/02\/afk.jpg\" class=\"attachment-large size-large wp-image-7\" alt=\"\" \/>\t\t\t\t\t\t\t\t\t\t\t\t\t\t\t<\/div>\n\t\t\t\t<\/div>\n\t\t\t\t<\/div>\n\t\t\t\t<\/div>\n\t\t\t\t\t<\/div>\n\t\t\t\t<\/div>\n\t\t<div class=\"elementor-element elementor-element-ef828fd e-flex e-con-boxed e-con e-parent\" data-id=\"ef828fd\" data-element_type=\"container\">\n\t\t\t\t\t<div class=\"e-con-inner\">\n\t\t<div class=\"elementor-element elementor-element-3291b75 e-grid e-con-full e-con e-child\" data-id=\"3291b75\" data-element_type=\"container\">\n\t\t<div class=\"elementor-element elementor-element-5def897 e-con-full e-flex e-con e-child\" data-id=\"5def897\" data-element_type=\"container\">\n\t\t\t\t<div class=\"elementor-element elementor-element-fc4ab82 elementor-widget elementor-widget-image\" data-id=\"fc4ab82\" data-element_type=\"widget\" data-widget_type=\"image.default\">\n\t\t\t\t<div class=\"elementor-widget-container\">\n\t\t\t\t\t\t\t\t\t\t\t\t\t\t\t<img decoding=\"async\" width=\"1024\" height=\"683\" src=\"http:\/\/africadsl.net\/wp-content\/uploads\/2025\/01\/ser2-1.jpg\" class=\"attachment-large size-large wp-image-20\" alt=\"\" \/>\t\t\t\t\t\t\t\t\t\t\t\t\t\t\t<\/div>\n\t\t\t\t<\/div>\n\t\t\t\t<\/div>\n\t\t<div class=\"elementor-element elementor-element-6ddc018 e-con-full e-flex e-con e-child\" data-id=\"6ddc018\" data-element_type=\"container\">\n\t\t\t\t<div class=\"elementor-element elementor-element-21df1b3 elementor-widget elementor-widget-iheading\" data-id=\"21df1b3\" data-element_type=\"widget\" data-widget_type=\"iheading.default\">\n\t\t\t\t<div class=\"elementor-widget-container\">\n\t\t\t\t\t\t\t<div class=\"ot-heading\">\r\n\t        \t            <span>\/\/ Par Faisseau Hertzien <\/span>\r\n\t        \t    <\/div>\r\n\t    \t\t\t\t<\/div>\n\t\t\t\t<\/div>\n\t\t\t\t<div class=\"elementor-element elementor-element-13121c0 elementor-widget elementor-widget-text-editor\" data-id=\"13121c0\" data-element_type=\"widget\" data-widget_type=\"text-editor.default\">\n\t\t\t\t<div class=\"elementor-widget-container\">\n\t\t\t\t\t\t\t\t\t<p>Nous offre des solutions de connectivit\u00e9 Internet par faisceau hertzien pour garantir un acc\u00e8s rapide et fiable, m\u00eame dans les zones difficiles d\u2019acc\u00e8s. Gr\u00e2ce \u00e0 cette technologie sans fil, nous \u00e9tablissons des liaisons point-\u00e0-point ou point-\u00e0-multipoint, id\u00e9ales pour les entreprises, les collectivit\u00e9s et les particuliers. Notre mission est de d\u00e9mocratiser l&rsquo;acc\u00e8s \u00e0 Internet en fournissant des services performants et abordables partout en Afrique.<\/p>\t\t\t\t\t\t\t\t<\/div>\n\t\t\t\t<\/div>\n\t\t\t\t<\/div>\n\t\t\t\t<\/div>\n\t\t\t\t\t<\/div>\n\t\t\t\t<\/div>\n\t\t<div class=\"elementor-element elementor-element-2dcd98d e-flex e-con-boxed e-con e-parent\" data-id=\"2dcd98d\" data-element_type=\"container\">\n\t\t\t\t\t<div class=\"e-con-inner\">\n\t\t<div class=\"elementor-element elementor-element-91a8f23 e-grid e-con-full e-con e-child\" data-id=\"91a8f23\" data-element_type=\"container\">\n\t\t<div class=\"elementor-element elementor-element-d9f30af e-con-full e-flex e-con e-child\" data-id=\"d9f30af\" data-element_type=\"container\">\n\t\t\t\t<div class=\"elementor-element elementor-element-ccaaa49 elementor-widget elementor-widget-iheading\" data-id=\"ccaaa49\" data-element_type=\"widget\" data-widget_type=\"iheading.default\">\n\t\t\t\t<div class=\"elementor-widget-container\">\n\t\t\t\t\t\t\t<div class=\"ot-heading\">\r\n\t        \t            <span>\/\/ Par Satellite <\/span>\r\n\t        \t    <\/div>\r\n\t    \t\t\t\t<\/div>\n\t\t\t\t<\/div>\n\t\t\t\t<div class=\"elementor-element elementor-element-44e00d7 elementor-widget elementor-widget-text-editor\" data-id=\"44e00d7\" data-element_type=\"widget\" data-widget_type=\"text-editor.default\">\n\t\t\t\t<div class=\"elementor-widget-container\">\n\t\t\t\t\t\t\t\t\t<p>Fourniture d acc\u00e8s Internet par satellite, offrant une connectivit\u00e9 haut d\u00e9bit partout en Afrique, m\u00eame dans les zones les plus isol\u00e9es. En utilisant des technologies de pointe, nous garantissons une couverture \u00e9tendue et une connexion stable pour les entreprises, les collectivit\u00e9s et les particuliers. Cette solution sur mesure r\u00e9pond aux besoins en communication dans les r\u00e9gions rurales et contribue \u00e0 r\u00e9duire la fracture num\u00e9rique sur le continent.<\/p>\t\t\t\t\t\t\t\t<\/div>\n\t\t\t\t<\/div>\n\t\t\t\t<\/div>\n\t\t<div class=\"elementor-element elementor-element-a0cd0ef e-con-full e-flex e-con e-child\" data-id=\"a0cd0ef\" data-element_type=\"container\">\n\t\t\t\t<div class=\"elementor-element elementor-element-ea8888a elementor-widget elementor-widget-image\" data-id=\"ea8888a\" data-element_type=\"widget\" data-widget_type=\"image.default\">\n\t\t\t\t<div class=\"elementor-widget-container\">\n\t\t\t\t\t\t\t\t\t\t\t\t\t\t\t<img decoding=\"async\" width=\"1024\" height=\"678\" src=\"http:\/\/africadsl.net\/wp-content\/uploads\/2025\/01\/ab1-1.jpg\" class=\"attachment-large size-large wp-image-89\" alt=\"\" \/>\t\t\t\t\t\t\t\t\t\t\t\t\t\t\t<\/div>\n\t\t\t\t<\/div>\n\t\t\t\t<\/div>\n\t\t\t\t<\/div>\n\t\t\t\t\t<\/div>\n\t\t\t\t<\/div>\n\t\t\t\t<\/div>\n\t\t","protected":false},"excerpt":{"rendered":"<p>\/\/ INTERNET A HAUT PARTOUT EN AFRIQUE AfricaDSL S&rsquo;engage \u00e0 fournir un acc\u00e8s Internet haut d\u00e9bit fiable et abordable \u00e0 travers toute l&rsquo;Afrique. En exploitant des technologies avanc\u00e9es telles que la fibre optique, les r\u00e9seaux satellites et les infrastructures 5G, nous favorisons la connectivit\u00e9 dans les zones urbaines et rurales. Notre mission est de r\u00e9duire [&hellip;]<\/p>\n","protected":false},"author":1,"featured_media":0,"parent":0,"menu_order":0,"comment_status":"closed","ping_status":"closed","template":"","meta":{"footnotes":""},"class_list":["post-56","page","type-page","status-publish","hentry"],"_links":{"self":[{"href":"http:\/\/africadsl.net\/index.php\/wp-json\/wp\/v2\/pages\/56","targetHints":{"allow":["GET"]}}],"collection":[{"href":"http:\/\/africadsl.net\/index.php\/wp-json\/wp\/v2\/pages"}],"about":[{"href":"http:\/\/africadsl.net\/index.php\/wp-json\/wp\/v2\/types\/page"}],"author":[{"embeddable":true,"href":"http:\/\/africadsl.net\/index.php\/wp-json\/wp\/v2\/users\/1"}],"replies":[{"embeddable":true,"href":"http:\/\/africadsl.net\/index.php\/wp-json\/wp\/v2\/comments?post=56"}],"version-history":[{"count":10,"href":"http:\/\/africadsl.net\/index.php\/wp-json\/wp\/v2\/pages\/56\/revisions"}],"predecessor-version":[{"id":254,"href":"http:\/\/africadsl.net\/index.php\/wp-json\/wp\/v2\/pages\/56\/revisions\/254"}],"wp:attachment":[{"href":"http:\/\/africadsl.net\/index.php\/wp-json\/wp\/v2\/media?parent=56"}],"curies":[{"name":"wp","href":"https:\/\/api.w.org\/{rel}","templated":true}]}}