{"id":60,"date":"2025-01-27T17:13:24","date_gmt":"2025-01-27T16:13:24","guid":{"rendered":"http:\/\/africadsl.net\/?page_id=60"},"modified":"2025-01-28T17:05:30","modified_gmt":"2025-01-28T16:05:30","slug":"a-propos","status":"publish","type":"page","link":"http:\/\/africadsl.net\/index.php\/a-propos\/","title":{"rendered":"A propos"},"content":{"rendered":"\t\t<div data-elementor-type=\"wp-page\" data-elementor-id=\"60\" class=\"elementor elementor-60\" data-elementor-post-type=\"page\">\n\t\t\t\t<div class=\"elementor-element elementor-element-b3975ae e-flex e-con-boxed e-con e-parent\" data-id=\"b3975ae\" data-element_type=\"container\">\n\t\t\t\t\t<div class=\"e-con-inner\">\n\t\t<div class=\"elementor-element elementor-element-aa9d989 e-grid e-con-full e-con e-child\" data-id=\"aa9d989\" data-element_type=\"container\">\n\t\t<div class=\"elementor-element elementor-element-ea69265 e-con-full e-flex e-con e-child\" data-id=\"ea69265\" data-element_type=\"container\">\n\t\t\t\t<div class=\"elementor-element elementor-element-1a3df1a elementor-widget elementor-widget-iheading\" data-id=\"1a3df1a\" data-element_type=\"widget\" data-widget_type=\"iheading.default\">\n\t\t\t\t<div class=\"elementor-widget-container\">\n\t\t\t\t\t\t\t<div class=\"ot-heading\">\r\n\t        \t            <span>\/\/ qui sommes nous ?<\/span>\r\n\t        <h2 class=\"main-heading\">AfricaDSL<\/h2>\t    <\/div>\r\n\t    \t\t\t\t<\/div>\n\t\t\t\t<\/div>\n\t\t\t\t<div class=\"elementor-element elementor-element-0cd4245 elementor-widget elementor-widget-text-editor\" data-id=\"0cd4245\" data-element_type=\"widget\" data-widget_type=\"text-editor.default\">\n\t\t\t\t<div class=\"elementor-widget-container\">\n\t\t\t\t\t\t\t\t\t<p>&nbsp;Est une entreprise d\u00e9di\u00e9e \u00e0 la transformation num\u00e9rique en Afrique, sp\u00e9cialis\u00e9e dans les solutions technologiques et la connectivit\u00e9 Internet haut d\u00e9bit. Gr\u00e2ce \u00e0 des technologies avanc\u00e9es telles que la fibre optique, les faisceaux hertziens et les satellites, nous fournissons des services fiables et accessibles, m\u00eame dans les zones les plus recul\u00e9es.<\/p>\n<p>Nous offrons \u00e9galement des solutions sur mesure en d\u00e9veloppement logiciel, cr\u00e9ation d\u2019applications et conception de sites web, adapt\u00e9es aux besoins des entreprises et des communaut\u00e9s locales. En combinant expertise technique et connaissance des d\u00e9fis africains, nous contribuons activement \u00e0 r\u00e9duire la fracture num\u00e9rique.<\/p>\n<p>Notre mission est de connecter l\u2019Afrique au reste du monde, en favorisant l\u2019\u00e9ducation, l\u2019innovation et le d\u00e9veloppement \u00e9conomique, tout en pla\u00e7ant nos clients au c\u0153ur de chaque projet. Chez AfricaDSL, nous construisons l\u2019avenir num\u00e9rique du continent.<\/p>\t\t\t\t\t\t\t\t<\/div>\n\t\t\t\t<\/div>\n\t\t\t\t<\/div>\n\t\t<div class=\"elementor-element elementor-element-996c601 e-con-full e-flex e-con e-child\" data-id=\"996c601\" data-element_type=\"container\">\n\t\t\t\t<div class=\"elementor-element elementor-element-d2a6dc2 elementor-widget elementor-widget-spacer\" data-id=\"d2a6dc2\" data-element_type=\"widget\" data-widget_type=\"spacer.default\">\n\t\t\t\t<div class=\"elementor-widget-container\">\n\t\t\t\t\t\t\t<div class=\"elementor-spacer\">\n\t\t\t<div class=\"elementor-spacer-inner\"><\/div>\n\t\t<\/div>\n\t\t\t\t\t\t<\/div>\n\t\t\t\t<\/div>\n\t\t\t\t<div class=\"elementor-element elementor-element-dc963f4 elementor-widget elementor-widget-image\" data-id=\"dc963f4\" data-element_type=\"widget\" data-widget_type=\"image.default\">\n\t\t\t\t<div class=\"elementor-widget-container\">\n\t\t\t\t\t\t\t\t\t\t\t\t\t\t\t<img fetchpriority=\"high\" decoding=\"async\" width=\"570\" height=\"92\" src=\"http:\/\/africadsl.net\/wp-content\/uploads\/2025\/01\/image_2025_01_28T09_56_02_012Z.png\" class=\"attachment-large size-large wp-image-139\" alt=\"\" \/>\t\t\t\t\t\t\t\t\t\t\t\t\t\t\t<\/div>\n\t\t\t\t<\/div>\n\t\t\t\t<\/div>\n\t\t\t\t<\/div>\n\t\t\t\t\t<\/div>\n\t\t\t\t<\/div>\n\t\t\t\t<\/div>\n\t\t","protected":false},"excerpt":{"rendered":"<p>\/\/ qui sommes nous ? AfricaDSL &nbsp;Est une entreprise d\u00e9di\u00e9e \u00e0 la transformation num\u00e9rique en Afrique, sp\u00e9cialis\u00e9e dans les solutions technologiques et la connectivit\u00e9 Internet haut d\u00e9bit. Gr\u00e2ce \u00e0 des technologies avanc\u00e9es telles que la fibre optique, les faisceaux hertziens et les satellites, nous fournissons des services fiables et accessibles, m\u00eame dans les zones les [&hellip;]<\/p>\n","protected":false},"author":1,"featured_media":0,"parent":0,"menu_order":0,"comment_status":"closed","ping_status":"closed","template":"","meta":{"footnotes":""},"class_list":["post-60","page","type-page","status-publish","hentry"],"_links":{"self":[{"href":"http:\/\/africadsl.net\/index.php\/wp-json\/wp\/v2\/pages\/60","targetHints":{"allow":["GET"]}}],"collection":[{"href":"http:\/\/africadsl.net\/index.php\/wp-json\/wp\/v2\/pages"}],"about":[{"href":"http:\/\/africadsl.net\/index.php\/wp-json\/wp\/v2\/types\/page"}],"author":[{"embeddable":true,"href":"http:\/\/africadsl.net\/index.php\/wp-json\/wp\/v2\/users\/1"}],"replies":[{"embeddable":true,"href":"http:\/\/africadsl.net\/index.php\/wp-json\/wp\/v2\/comments?post=60"}],"version-history":[{"count":7,"href":"http:\/\/africadsl.net\/index.php\/wp-json\/wp\/v2\/pages\/60\/revisions"}],"predecessor-version":[{"id":263,"href":"http:\/\/africadsl.net\/index.php\/wp-json\/wp\/v2\/pages\/60\/revisions\/263"}],"wp:attachment":[{"href":"http:\/\/africadsl.net\/index.php\/wp-json\/wp\/v2\/media?parent=60"}],"curies":[{"name":"wp","href":"https:\/\/api.w.org\/{rel}","templated":true}]}}